{"id":1726,"date":"2022-09-16T08:01:25","date_gmt":"2022-09-16T08:01:25","guid":{"rendered":"https:\/\/www.paluzaservis.sk\/?post_type=product&#038;p=1726"},"modified":"2022-09-22T11:26:21","modified_gmt":"2022-09-22T11:26:21","slug":"kos-240l-grafit-isic","status":"publish","type":"product","link":"https:\/\/www.paluzaservis.sk\/index.php\/produkt\/kos-240l-grafit-isic\/","title":{"rendered":"K\u00d4\u0160 240L GRAFIT ISIC"},"content":{"rendered":"<p>Vyroben\u00e9 z vysoko kvalitn\u00e9ho PE-HD. Odoln\u00fd vo\u010di mechanick\u00e9mu po\u0161kodeniu, chemik\u00e1li\u00e1m, UV \u017eiareniu a premenliv\u00fdm poveternostn\u00fdm podmienkam.<\/p>\n<p>Prisp\u00f4soben\u00e9 na pou\u017e\u00edvanie komun\u00e1lnych n\u00e1kladn\u00fdch vozidiel. Vyroben\u00e9 pod\u013ea eur\u00f3pskej normy EN 840-1.<\/p>\n","protected":false},"excerpt":{"rendered":"<p><a href=\"https:\/\/www.paluzaservis.sk\/wp-content\/uploads\/2022\/09\/Karta-240L.jpg\"><img fetchpriority=\"high\" decoding=\"async\" class=\"alignnone wp-image-1847 size-full\" src=\"https:\/\/www.paluzaservis.sk\/wp-content\/uploads\/2022\/09\/Karta-240L.jpg\" alt=\"\" width=\"590\" height=\"946\" srcset=\"https:\/\/www.paluzaservis.sk\/wp-content\/uploads\/2022\/09\/Karta-240L.jpg 590w, https:\/\/www.paluzaservis.sk\/wp-content\/uploads\/2022\/09\/Karta-240L-187x300.jpg 187w, https:\/\/www.paluzaservis.sk\/wp-content\/uploads\/2022\/09\/Karta-240L-96x154.jpg 96w, https:\/\/www.paluzaservis.sk\/wp-content\/uploads\/2022\/09\/Karta-240L-350x561.jpg 350w, https:\/\/www.paluzaservis.sk\/wp-content\/uploads\/2022\/09\/Karta-240L-156x250.jpg 156w, https:\/\/www.paluzaservis.sk\/wp-content\/uploads\/2022\/09\/Karta-240L-250x401.jpg 250w\" sizes=\"(max-width: 590px) 100vw, 590px\" \/><\/a><\/p>\n<p><a href=\"https:\/\/www.paluzaservis.sk\/wp-content\/uploads\/2022\/09\/240L-TECH.jpg\"><img decoding=\"async\" class=\"alignnone wp-image-1846 size-full\" src=\"https:\/\/www.paluzaservis.sk\/wp-content\/uploads\/2022\/09\/240L-TECH.jpg\" alt=\"\" width=\"596\" height=\"874\" srcset=\"https:\/\/www.paluzaservis.sk\/wp-content\/uploads\/2022\/09\/240L-TECH.jpg 596w, https:\/\/www.paluzaservis.sk\/wp-content\/uploads\/2022\/09\/240L-TECH-205x300.jpg 205w, https:\/\/www.paluzaservis.sk\/wp-content\/uploads\/2022\/09\/240L-TECH-105x154.jpg 105w, https:\/\/www.paluzaservis.sk\/wp-content\/uploads\/2022\/09\/240L-TECH-350x513.jpg 350w, https:\/\/www.paluzaservis.sk\/wp-content\/uploads\/2022\/09\/240L-TECH-170x250.jpg 170w, https:\/\/www.paluzaservis.sk\/wp-content\/uploads\/2022\/09\/240L-TECH-250x367.jpg 250w\" sizes=\"(max-width: 596px) 100vw, 596px\" \/><\/a><\/p>\n<p>&nbsp;<\/p>\n","protected":false},"featured_media":1727,"comment_status":"open","ping_status":"closed","template":"","meta":{"_eb_attr":"","ngg_post_thumbnail":0,"_links_to":"","_links_to_target":""},"product_brand":[],"product_cat":[142,140],"product_tag":[],"class_list":{"0":"post-1726","1":"product","2":"type-product","3":"status-publish","4":"has-post-thumbnail","6":"product_cat-kose-240-l","7":"product_cat-odpadove-hospodarstvo","9":"first","10":"instock","11":"taxable","12":"shipping-taxable","13":"purchasable","14":"product-type-simple"},"_links":{"self":[{"href":"https:\/\/www.paluzaservis.sk\/index.php\/wp-json\/wp\/v2\/product\/1726","targetHints":{"allow":["GET"]}}],"collection":[{"href":"https:\/\/www.paluzaservis.sk\/index.php\/wp-json\/wp\/v2\/product"}],"about":[{"href":"https:\/\/www.paluzaservis.sk\/index.php\/wp-json\/wp\/v2\/types\/product"}],"replies":[{"embeddable":true,"href":"https:\/\/www.paluzaservis.sk\/index.php\/wp-json\/wp\/v2\/comments?post=1726"}],"wp:featuredmedia":[{"embeddable":true,"href":"https:\/\/www.paluzaservis.sk\/index.php\/wp-json\/wp\/v2\/media\/1727"}],"wp:attachment":[{"href":"https:\/\/www.paluzaservis.sk\/index.php\/wp-json\/wp\/v2\/media?parent=1726"}],"wp:term":[{"taxonomy":"product_brand","embeddable":true,"href":"https:\/\/www.paluzaservis.sk\/index.php\/wp-json\/wp\/v2\/product_brand?post=1726"},{"taxonomy":"product_cat","embeddable":true,"href":"https:\/\/www.paluzaservis.sk\/index.php\/wp-json\/wp\/v2\/product_cat?post=1726"},{"taxonomy":"product_tag","embeddable":true,"href":"https:\/\/www.paluzaservis.sk\/index.php\/wp-json\/wp\/v2\/product_tag?post=1726"}],"curies":[{"name":"wp","href":"https:\/\/api.w.org\/{rel}","templated":true}]}}