{"id":2481,"date":"2023-08-06T09:52:49","date_gmt":"2023-08-06T09:52:49","guid":{"rendered":"https:\/\/www.paluzaservis.sk\/?post_type=product&#038;p=2481"},"modified":"2023-08-06T09:52:52","modified_gmt":"2023-08-06T09:52:52","slug":"130kolony","status":"publish","type":"product","link":"https:\/\/www.paluzaservis.sk\/index.php\/produkt\/130kolony\/","title":{"rendered":"130:Kol\u00f3ny"},"content":{"rendered":"<p>I. 3. Organiz\u00e1cia a stav prem\u00e1vky.<br \/>\nZna\u010dka upozor\u0148uje na vytv\u00e1ranie kol\u00f3ny vozidiel.<\/p>\n","protected":false},"excerpt":{"rendered":"<p>I. 3. Organiz\u00e1cia a stav prem\u00e1vky.<br \/>\nZna\u010dka upozor\u0148uje na vytv\u00e1ranie kol\u00f3ny vozidiel.<\/p>\n","protected":false},"featured_media":2511,"comment_status":"open","ping_status":"closed","template":"","meta":{"_eb_attr":"","ngg_post_thumbnail":0,"_links_to":"","_links_to_target":""},"product_brand":[],"product_cat":[195],"product_tag":[],"class_list":{"0":"post-2481","1":"product","2":"type-product","3":"status-publish","4":"has-post-thumbnail","6":"product_cat-vystrazne-znacky","8":"first","9":"instock","10":"taxable","11":"shipping-taxable","12":"product-type-simple"},"_links":{"self":[{"href":"https:\/\/www.paluzaservis.sk\/index.php\/wp-json\/wp\/v2\/product\/2481","targetHints":{"allow":["GET"]}}],"collection":[{"href":"https:\/\/www.paluzaservis.sk\/index.php\/wp-json\/wp\/v2\/product"}],"about":[{"href":"https:\/\/www.paluzaservis.sk\/index.php\/wp-json\/wp\/v2\/types\/product"}],"replies":[{"embeddable":true,"href":"https:\/\/www.paluzaservis.sk\/index.php\/wp-json\/wp\/v2\/comments?post=2481"}],"wp:featuredmedia":[{"embeddable":true,"href":"https:\/\/www.paluzaservis.sk\/index.php\/wp-json\/wp\/v2\/media\/2511"}],"wp:attachment":[{"href":"https:\/\/www.paluzaservis.sk\/index.php\/wp-json\/wp\/v2\/media?parent=2481"}],"wp:term":[{"taxonomy":"product_brand","embeddable":true,"href":"https:\/\/www.paluzaservis.sk\/index.php\/wp-json\/wp\/v2\/product_brand?post=2481"},{"taxonomy":"product_cat","embeddable":true,"href":"https:\/\/www.paluzaservis.sk\/index.php\/wp-json\/wp\/v2\/product_cat?post=2481"},{"taxonomy":"product_tag","embeddable":true,"href":"https:\/\/www.paluzaservis.sk\/index.php\/wp-json\/wp\/v2\/product_tag?post=2481"}],"curies":[{"name":"wp","href":"https:\/\/api.w.org\/{rel}","templated":true}]}}