{"id":2617,"date":"2023-08-06T09:53:06","date_gmt":"2023-08-06T09:53:06","guid":{"rendered":"https:\/\/www.paluzaservis.sk\/?post_type=product&#038;p=2617"},"modified":"2023-08-06T09:53:12","modified_gmt":"2023-08-06T09:53:12","slug":"306koniec-obce","status":"publish","type":"product","link":"https:\/\/www.paluzaservis.sk\/index.php\/produkt\/306koniec-obce\/","title":{"rendered":"306:Koniec obce"},"content":{"rendered":"<p>306:Koniec obce<br \/>\nZna\u010dka ozna\u010duje miesto, kde sa kon\u010d\u00ed platnos\u0165 pravidiel cestnej prem\u00e1vky o spr\u00e1van\u00ed sa v obci a informuje o n\u00e1zve obce alebo miestnej \u010dasti obce tvoriacej samostatn\u00fd s\u00eddeln\u00fd \u00fatvar.<\/p>\n","protected":false},"excerpt":{"rendered":"<p>306:Koniec obce<br \/>\nZna\u010dka ozna\u010duje miesto, kde sa kon\u010d\u00ed platnos\u0165 pravidiel cestnej prem\u00e1vky o spr\u00e1van\u00ed sa v obci a informuje o n\u00e1zve obce alebo miestnej \u010dasti obce tvoriacej samostatn\u00fd s\u00eddeln\u00fd \u00fatvar.<\/p>\n","protected":false},"featured_media":2646,"comment_status":"open","ping_status":"closed","template":"","meta":{"_eb_attr":"","ngg_post_thumbnail":0,"_links_to":"","_links_to_target":""},"product_brand":[],"product_cat":[197],"product_tag":[],"class_list":{"0":"post-2617","1":"product","2":"type-product","3":"status-publish","4":"has-post-thumbnail","6":"product_cat-informacne-znacky","8":"first","9":"instock","10":"taxable","11":"shipping-taxable","12":"product-type-simple"},"_links":{"self":[{"href":"https:\/\/www.paluzaservis.sk\/index.php\/wp-json\/wp\/v2\/product\/2617","targetHints":{"allow":["GET"]}}],"collection":[{"href":"https:\/\/www.paluzaservis.sk\/index.php\/wp-json\/wp\/v2\/product"}],"about":[{"href":"https:\/\/www.paluzaservis.sk\/index.php\/wp-json\/wp\/v2\/types\/product"}],"replies":[{"embeddable":true,"href":"https:\/\/www.paluzaservis.sk\/index.php\/wp-json\/wp\/v2\/comments?post=2617"}],"wp:featuredmedia":[{"embeddable":true,"href":"https:\/\/www.paluzaservis.sk\/index.php\/wp-json\/wp\/v2\/media\/2646"}],"wp:attachment":[{"href":"https:\/\/www.paluzaservis.sk\/index.php\/wp-json\/wp\/v2\/media?parent=2617"}],"wp:term":[{"taxonomy":"product_brand","embeddable":true,"href":"https:\/\/www.paluzaservis.sk\/index.php\/wp-json\/wp\/v2\/product_brand?post=2617"},{"taxonomy":"product_cat","embeddable":true,"href":"https:\/\/www.paluzaservis.sk\/index.php\/wp-json\/wp\/v2\/product_cat?post=2617"},{"taxonomy":"product_tag","embeddable":true,"href":"https:\/\/www.paluzaservis.sk\/index.php\/wp-json\/wp\/v2\/product_tag?post=2617"}],"curies":[{"name":"wp","href":"https:\/\/api.w.org\/{rel}","templated":true}]}}