{"id":5589,"date":"2024-04-20T05:41:31","date_gmt":"2024-04-20T05:41:31","guid":{"rendered":"https:\/\/www.paluzaservis.sk\/?post_type=product&#038;p=5589"},"modified":"2024-04-23T07:59:00","modified_gmt":"2024-04-23T07:59:00","slug":"pristresok-pre-fajciarov-f11","status":"publish","type":"product","link":"https:\/\/www.paluzaservis.sk\/index.php\/produkt\/pristresok-pre-fajciarov-f11\/","title":{"rendered":"PR\u00cdSTRE\u0160OK PRE FAJ\u010cIAROV &#8211; F11"},"content":{"rendered":"<p>Cenov\u00fa ponuku v\u00e1m vypracujeme na z\u00e1klade va\u0161ich inform\u00e1cii , ako s\u00fa hlavne rozmery pr\u00edstre\u0161ku. Pre bli\u017e\u0161ie inform\u00e1cie n\u00e1s nev\u00e1hajte kontaktova\u0165 na telef\u00f3nnom \u010d\u00edsle :&nbsp;<strong>+421 940 310&nbsp;730, <\/strong>alebo emailom&nbsp;<a href=\"mailto:info@paluzasevis.sk?subject=Inform\u00e1cie\">paluzaservis@gmail.com.<\/a> A my v\u00e1m priprav\u00edme cenov\u00fa ponuku na mieru.<\/p>\n","protected":false},"excerpt":{"rendered":"<p>Bezpe\u010dnos\u0165 je pre n\u00e1s mimoriadne d\u00f4le\u017eit\u00e1, a preto na\u0161e faj\u010diarne pr\u00edstre\u0161ky sp\u013a\u0148aj\u00fa v\u0161etky potrebn\u00e9 normy a \u0161tandardy. Ver\u00edme, \u017ee kvalita a trvanlivos\u0165 na\u0161ich produktov sa premieta do spokojnosti na\u0161ich z\u00e1kazn\u00edkov. Ak h\u013ead\u00e1te vonkaj\u0161ie faj\u010diarne s modern\u00fdm dizajnom, vysokou kvalitou a mo\u017enos\u0165ou in\u0161tal\u00e1cie tak n\u00e1s kontaktujte. Na\u0161a spolo\u010dnos\u0165 je pripraven\u00e1 poskytn\u00fa\u0165 v\u00e1m dokonal\u00e9 rie\u0161enie, ktor\u00e9 spln\u00ed va\u0161e estetick\u00e9 a funk\u010dn\u00e9 o\u010dak\u00e1vania. Vonkaj\u0161ie faj\u010diarne nie s\u00fa len miestom na faj\u010denie, ale aj prvkom, ktor\u00fd dod\u00e1 v\u00e1\u0161mu okoliu jedine\u010dn\u00e9 \u010daro. D\u00f4verujte na\u0161im sk\u00fasenostiam a odborn\u00fdm znalostiam v tomto odvetv\u00ed.<\/p>\n","protected":false},"featured_media":5590,"comment_status":"open","ping_status":"closed","template":"","meta":{"_eb_attr":"","ngg_post_thumbnail":0,"_links_to":"","_links_to_target":""},"product_brand":[],"product_cat":[229],"product_tag":[],"class_list":{"0":"post-5589","1":"product","2":"type-product","3":"status-publish","4":"has-post-thumbnail","6":"product_cat-pristresky-pre-fajciarov","8":"first","9":"instock","10":"taxable","11":"shipping-taxable","12":"product-type-simple"},"_links":{"self":[{"href":"https:\/\/www.paluzaservis.sk\/index.php\/wp-json\/wp\/v2\/product\/5589","targetHints":{"allow":["GET"]}}],"collection":[{"href":"https:\/\/www.paluzaservis.sk\/index.php\/wp-json\/wp\/v2\/product"}],"about":[{"href":"https:\/\/www.paluzaservis.sk\/index.php\/wp-json\/wp\/v2\/types\/product"}],"replies":[{"embeddable":true,"href":"https:\/\/www.paluzaservis.sk\/index.php\/wp-json\/wp\/v2\/comments?post=5589"}],"wp:featuredmedia":[{"embeddable":true,"href":"https:\/\/www.paluzaservis.sk\/index.php\/wp-json\/wp\/v2\/media\/5590"}],"wp:attachment":[{"href":"https:\/\/www.paluzaservis.sk\/index.php\/wp-json\/wp\/v2\/media?parent=5589"}],"wp:term":[{"taxonomy":"product_brand","embeddable":true,"href":"https:\/\/www.paluzaservis.sk\/index.php\/wp-json\/wp\/v2\/product_brand?post=5589"},{"taxonomy":"product_cat","embeddable":true,"href":"https:\/\/www.paluzaservis.sk\/index.php\/wp-json\/wp\/v2\/product_cat?post=5589"},{"taxonomy":"product_tag","embeddable":true,"href":"https:\/\/www.paluzaservis.sk\/index.php\/wp-json\/wp\/v2\/product_tag?post=5589"}],"curies":[{"name":"wp","href":"https:\/\/api.w.org\/{rel}","templated":true}]}}