{"id":6881,"date":"2024-06-05T07:50:19","date_gmt":"2024-06-05T07:50:19","guid":{"rendered":"https:\/\/www.paluzaservis.sk\/?post_type=product&#038;p=6881"},"modified":"2024-06-10T11:11:21","modified_gmt":"2024-06-10T11:11:21","slug":"linarium-diamond","status":"publish","type":"product","link":"https:\/\/www.paluzaservis.sk\/index.php\/produkt\/linarium-diamond\/","title":{"rendered":"LINARIUM DIAMOND"},"content":{"rendered":"","protected":false},"excerpt":{"rendered":"<p>\u010c\u00edslo artiklu&nbsp;:&nbsp;<strong>36 022<\/strong><\/p>\n<table width=\"0\">\n<tbody>\n<tr>\n<td>Mern\u00e1 jednotka&nbsp;:<\/td>\n<td>ks<\/td>\n<\/tr>\n<\/tbody>\n<\/table>\n<p>&nbsp;<\/p>\n<p>Je vyroben\u00fd z pevn\u00e9ho vystu\u017een\u00e9ho lana s priemerom 16 mm.<\/p>\n<p>Hlin\u00edkov\u00e9 lanov\u00e9 spoje.<\/p>\n<p>Sto\u017eiar s pr\u00e1\u0161kov\u00fdm n\u00e1strekom so \u017eiarovo pozinkovanou oce\u013eovou z\u00e1klad\u0148ou.<\/p>\n<p>Linarium na in\u0161tal\u00e1ciu do bet\u00f3nu, h\u013abka z\u00e1kladu 116 cm.<\/p>\n<p>Navrhovan\u00fd vek pou\u017e\u00edvate\u013ea: 3-12 rokov.<\/p>\n<p>V\u00fd\u0161ka vo\u013en\u00e9ho p\u00e1du 1,28 m.<\/p>\n<p>Rozmery:<\/p>\n<p>264 x 187 x 187 cm.<\/p>\n<p>\u00da\u010del pou\u017eitia: verejn\u00e9\/obecn\u00e9 ihrisko.<\/p>\n","protected":false},"featured_media":7986,"comment_status":"open","ping_status":"closed","template":"","meta":{"_eb_attr":"","ngg_post_thumbnail":0,"_links_to":"","_links_to_target":""},"product_brand":[],"product_cat":[322,327],"product_tag":[],"class_list":{"0":"post-6881","1":"product","2":"type-product","3":"status-publish","4":"has-post-thumbnail","6":"product_cat-detske-ihrisko","7":"product_cat-lanove-pyramidy","9":"first","10":"instock","11":"taxable","12":"shipping-taxable","13":"product-type-simple"},"_links":{"self":[{"href":"https:\/\/www.paluzaservis.sk\/index.php\/wp-json\/wp\/v2\/product\/6881","targetHints":{"allow":["GET"]}}],"collection":[{"href":"https:\/\/www.paluzaservis.sk\/index.php\/wp-json\/wp\/v2\/product"}],"about":[{"href":"https:\/\/www.paluzaservis.sk\/index.php\/wp-json\/wp\/v2\/types\/product"}],"replies":[{"embeddable":true,"href":"https:\/\/www.paluzaservis.sk\/index.php\/wp-json\/wp\/v2\/comments?post=6881"}],"wp:featuredmedia":[{"embeddable":true,"href":"https:\/\/www.paluzaservis.sk\/index.php\/wp-json\/wp\/v2\/media\/7986"}],"wp:attachment":[{"href":"https:\/\/www.paluzaservis.sk\/index.php\/wp-json\/wp\/v2\/media?parent=6881"}],"wp:term":[{"taxonomy":"product_brand","embeddable":true,"href":"https:\/\/www.paluzaservis.sk\/index.php\/wp-json\/wp\/v2\/product_brand?post=6881"},{"taxonomy":"product_cat","embeddable":true,"href":"https:\/\/www.paluzaservis.sk\/index.php\/wp-json\/wp\/v2\/product_cat?post=6881"},{"taxonomy":"product_tag","embeddable":true,"href":"https:\/\/www.paluzaservis.sk\/index.php\/wp-json\/wp\/v2\/product_tag?post=6881"}],"curies":[{"name":"wp","href":"https:\/\/api.w.org\/{rel}","templated":true}]}}