{"id":6955,"date":"2024-06-05T08:52:14","date_gmt":"2024-06-05T08:52:14","guid":{"rendered":"https:\/\/www.paluzaservis.sk\/?post_type=product&#038;p=6955"},"modified":"2024-06-05T08:52:14","modified_gmt":"2024-06-05T08:52:14","slug":"futbalove-branky-500-x-200-m","status":"publish","type":"product","link":"https:\/\/www.paluzaservis.sk\/index.php\/produkt\/futbalove-branky-500-x-200-m\/","title":{"rendered":"FUTBALOV\u00c9 BRANKY \/5,00 X 2,00 M\/"},"content":{"rendered":"","protected":false},"excerpt":{"rendered":"<p>\u010c\u00edslo \u010dl\u00e1nku&nbsp;:&nbsp;<strong>15&nbsp;003<\/strong><\/p>\n<p>Farba &#8211; Strieborn\u00e1<\/p>\n<p>&nbsp;<\/p>\n<table width=\"161\">\n<tbody>\n<tr>\n<td>Mern\u00e1 jednotka&nbsp;:<\/td>\n<td width=\"35\">p\u00e1r<\/td>\n<\/tr>\n<\/tbody>\n<\/table>\n<p>Bezpe\u010dnostn\u00fd certifik\u00e1t TUV<\/p>\n<p>V&nbsp;pr\u00edpade potreby v\u00e1m vieme doda\u0165 aj in\u00e9 rozmery br\u00e1nok pod\u013ea va\u0161ej po\u017eiadavky.<\/p>\n<p>Profil z eloxovan\u00e9ho hlin\u00edka, vystu\u017een\u00fd &#8211; rebrovan\u00fd, ov\u00e1lny 100\/120 mm.<\/p>\n<p>H\u013abka 100\/120 alebo 120\/150 cm (hore\/dole).<\/p>\n<p>Skladacie obl\u00faky, umo\u017e\u0148uj\u00face jednoduch\u00fa prepravu a skladovanie br\u00e1nky.<\/p>\n<p>Zosilnen\u00e9 rohy so \u0161peci\u00e1lnym dizajnom zais\u0165uj\u00facim v\u00e4\u010d\u0161iu stabilitu br\u00e1nky.<\/p>\n<p>Upevnen\u00fd k zemi v 4 bodoch, \u010do zaru\u010duje jeho stabilitu.<\/p>\n<p>&nbsp;Sada obsahuje: PP h\u00e1\u010diky na zavesenie siete. Upevnenie siete v spodnej \u010dasti br\u00e1nkov\u00fdch obl\u00fakov a spodnej hrazdy pomocou PP h\u00e1kov. Strieborn\u00e1 farba.<\/p>\n<p><strong>V s\u00falade s FIFA. <\/strong><\/p>\n<p>Hlavn\u00fd \u00fa\u010del: otvoren\u00e9 zariadenia (\u0161portovisk\u00e1), uzavret\u00e9 zariadenia (\u0161portov\u00e9 haly).<\/p>\n","protected":false},"featured_media":6960,"comment_status":"open","ping_status":"closed","template":"","meta":{"_eb_attr":"","ngg_post_thumbnail":0,"_links_to":"","_links_to_target":""},"product_brand":[],"product_cat":[254,255],"product_tag":[],"class_list":{"0":"post-6955","1":"product","2":"type-product","3":"status-publish","4":"has-post-thumbnail","6":"product_cat-futbal","7":"product_cat-futbalove-branky","9":"first","10":"instock","11":"taxable","12":"shipping-taxable","13":"product-type-simple"},"_links":{"self":[{"href":"https:\/\/www.paluzaservis.sk\/index.php\/wp-json\/wp\/v2\/product\/6955","targetHints":{"allow":["GET"]}}],"collection":[{"href":"https:\/\/www.paluzaservis.sk\/index.php\/wp-json\/wp\/v2\/product"}],"about":[{"href":"https:\/\/www.paluzaservis.sk\/index.php\/wp-json\/wp\/v2\/types\/product"}],"replies":[{"embeddable":true,"href":"https:\/\/www.paluzaservis.sk\/index.php\/wp-json\/wp\/v2\/comments?post=6955"}],"wp:featuredmedia":[{"embeddable":true,"href":"https:\/\/www.paluzaservis.sk\/index.php\/wp-json\/wp\/v2\/media\/6960"}],"wp:attachment":[{"href":"https:\/\/www.paluzaservis.sk\/index.php\/wp-json\/wp\/v2\/media?parent=6955"}],"wp:term":[{"taxonomy":"product_brand","embeddable":true,"href":"https:\/\/www.paluzaservis.sk\/index.php\/wp-json\/wp\/v2\/product_brand?post=6955"},{"taxonomy":"product_cat","embeddable":true,"href":"https:\/\/www.paluzaservis.sk\/index.php\/wp-json\/wp\/v2\/product_cat?post=6955"},{"taxonomy":"product_tag","embeddable":true,"href":"https:\/\/www.paluzaservis.sk\/index.php\/wp-json\/wp\/v2\/product_tag?post=6955"}],"curies":[{"name":"wp","href":"https:\/\/api.w.org\/{rel}","templated":true}]}}