{"id":7374,"date":"2024-06-06T09:32:22","date_gmt":"2024-06-06T09:32:22","guid":{"rendered":"https:\/\/www.paluzaservis.sk\/?post_type=product&#038;p=7374"},"modified":"2024-06-06T09:32:22","modified_gmt":"2024-06-06T09:32:22","slug":"profesionalna-tenisova-siet-merlin","status":"publish","type":"product","link":"https:\/\/www.paluzaservis.sk\/index.php\/produkt\/profesionalna-tenisova-siet-merlin\/","title":{"rendered":"PROFESION\u00c1LNA TENISOV\u00c1 SIE\u0164 &#8222;MERLIN&#8220;"},"content":{"rendered":"","protected":false},"excerpt":{"rendered":"<p>\u010c\u00edslo artiklu&nbsp;:&nbsp;<strong>8091<\/strong><\/p>\n<table width=\"0\">\n<tbody>\n<tr>\n<td>Mern\u00e1 jednotka&nbsp;:<\/td>\n<td>ks<\/td>\n<\/tr>\n<\/tbody>\n<\/table>\n<p><strong>&nbsp;<\/strong>Sie\u0165ovina novej gener\u00e1cie, najvy\u0161\u0161ia kvalita.<\/p>\n<p>Rozmery: 12,72 m x 1,07 m.<\/p>\n<p>Vyroben\u00e9 z polyesteru, hr\u00fabka v\u00e4zby 3,5 mm, perfektn\u00fd tvar, optim\u00e1lna prieh\u013eadnos\u0165, nedeformuje sa.<\/p>\n<p>Horn\u00fd okraj siete je zakon\u010den\u00fd polyesterovou textilnou p\u00e1skou.<\/p>\n<p>Sie\u0165 s poplastovan\u00fdm oce\u013eov\u00fdm lankom, d\u013a\u017eka 13,20 m<\/p>\n<p>Vyroben\u00e1 v s\u00falade s normou ITF.<\/p>\n<p>Farby: zelen\u00e1, \u010dierna.<\/p>\n","protected":false},"featured_media":7376,"comment_status":"open","ping_status":"closed","template":"","meta":{"_eb_attr":"","ngg_post_thumbnail":0,"_links_to":"","_links_to_target":""},"product_brand":[],"product_cat":[277,278],"product_tag":[],"class_list":{"0":"post-7374","1":"product","2":"type-product","3":"status-publish","4":"has-post-thumbnail","6":"product_cat-tenis","7":"product_cat-tenisove-siete","9":"first","10":"instock","11":"taxable","12":"shipping-taxable","13":"product-type-simple"},"_links":{"self":[{"href":"https:\/\/www.paluzaservis.sk\/index.php\/wp-json\/wp\/v2\/product\/7374","targetHints":{"allow":["GET"]}}],"collection":[{"href":"https:\/\/www.paluzaservis.sk\/index.php\/wp-json\/wp\/v2\/product"}],"about":[{"href":"https:\/\/www.paluzaservis.sk\/index.php\/wp-json\/wp\/v2\/types\/product"}],"replies":[{"embeddable":true,"href":"https:\/\/www.paluzaservis.sk\/index.php\/wp-json\/wp\/v2\/comments?post=7374"}],"wp:featuredmedia":[{"embeddable":true,"href":"https:\/\/www.paluzaservis.sk\/index.php\/wp-json\/wp\/v2\/media\/7376"}],"wp:attachment":[{"href":"https:\/\/www.paluzaservis.sk\/index.php\/wp-json\/wp\/v2\/media?parent=7374"}],"wp:term":[{"taxonomy":"product_brand","embeddable":true,"href":"https:\/\/www.paluzaservis.sk\/index.php\/wp-json\/wp\/v2\/product_brand?post=7374"},{"taxonomy":"product_cat","embeddable":true,"href":"https:\/\/www.paluzaservis.sk\/index.php\/wp-json\/wp\/v2\/product_cat?post=7374"},{"taxonomy":"product_tag","embeddable":true,"href":"https:\/\/www.paluzaservis.sk\/index.php\/wp-json\/wp\/v2\/product_tag?post=7374"}],"curies":[{"name":"wp","href":"https:\/\/api.w.org\/{rel}","templated":true}]}}