{"id":7512,"date":"2024-06-07T08:33:47","date_gmt":"2024-06-07T08:33:47","guid":{"rendered":"https:\/\/www.paluzaservis.sk\/?post_type=product&#038;p=7512"},"modified":"2024-06-07T08:33:47","modified_gmt":"2024-06-07T08:33:47","slug":"standardna-stolicka","status":"publish","type":"product","link":"https:\/\/www.paluzaservis.sk\/index.php\/produkt\/standardna-stolicka\/","title":{"rendered":"STANDARDN\u00c1 STOLI\u010cKA"},"content":{"rendered":"","protected":false},"excerpt":{"rendered":"<p>\u010c\u00edslo artiklu&nbsp;:&nbsp;<strong>11 005<\/strong><\/p>\n<table width=\"0\">\n<tbody>\n<tr>\n<td>Mern\u00e1 jednotka&nbsp;:<\/td>\n<td>ks<\/td>\n<\/tr>\n<\/tbody>\n<\/table>\n<p>Vyroben\u00e9 z 35 mm oce\u013eovej r\u00fary s pr\u00e1\u0161kov\u00fdm n\u00e1strekom.<\/p>\n<p>Stojan je sklopn\u00fd pre \u013eahk\u00e9 skladovanie.<\/p>\n<p>M\u00e1 pevn\u00fa platformu, ktor\u00fa mo\u017eno nastavi\u0165 do troch v\u00fd\u0161ok a tri upev\u0148ovacie body k st\u013apiku.<\/p>\n<p>Vybaven\u00fd kolieskami, v\u010faka ktor\u00fdm sa d\u00e1 \u013eahko prepravi\u0165 na ak\u00e9ko\u013evek miesto. Jednoduch\u00e1 mont\u00e1\u017e a demont\u00e1\u017e bez n\u00e1radia.<\/p>\n","protected":false},"featured_media":7514,"comment_status":"open","ping_status":"closed","template":"","meta":{"_eb_attr":"","ngg_post_thumbnail":0,"_links_to":"","_links_to_target":""},"product_brand":[],"product_cat":[275,272],"product_tag":[],"class_list":{"0":"post-7512","1":"product","2":"type-product","3":"status-publish","4":"has-post-thumbnail","6":"product_cat-rozhodcovske-stolicky","7":"product_cat-volejbal","9":"first","10":"instock","11":"taxable","12":"shipping-taxable","13":"product-type-simple"},"_links":{"self":[{"href":"https:\/\/www.paluzaservis.sk\/index.php\/wp-json\/wp\/v2\/product\/7512","targetHints":{"allow":["GET"]}}],"collection":[{"href":"https:\/\/www.paluzaservis.sk\/index.php\/wp-json\/wp\/v2\/product"}],"about":[{"href":"https:\/\/www.paluzaservis.sk\/index.php\/wp-json\/wp\/v2\/types\/product"}],"replies":[{"embeddable":true,"href":"https:\/\/www.paluzaservis.sk\/index.php\/wp-json\/wp\/v2\/comments?post=7512"}],"wp:featuredmedia":[{"embeddable":true,"href":"https:\/\/www.paluzaservis.sk\/index.php\/wp-json\/wp\/v2\/media\/7514"}],"wp:attachment":[{"href":"https:\/\/www.paluzaservis.sk\/index.php\/wp-json\/wp\/v2\/media?parent=7512"}],"wp:term":[{"taxonomy":"product_brand","embeddable":true,"href":"https:\/\/www.paluzaservis.sk\/index.php\/wp-json\/wp\/v2\/product_brand?post=7512"},{"taxonomy":"product_cat","embeddable":true,"href":"https:\/\/www.paluzaservis.sk\/index.php\/wp-json\/wp\/v2\/product_cat?post=7512"},{"taxonomy":"product_tag","embeddable":true,"href":"https:\/\/www.paluzaservis.sk\/index.php\/wp-json\/wp\/v2\/product_tag?post=7512"}],"curies":[{"name":"wp","href":"https:\/\/api.w.org\/{rel}","templated":true}]}}