{"id":8428,"date":"2024-07-19T05:43:44","date_gmt":"2024-07-19T05:43:44","guid":{"rendered":"https:\/\/www.paluzaservis.sk\/?post_type=product&#038;p=8428"},"modified":"2024-07-19T05:43:44","modified_gmt":"2024-07-19T05:43:44","slug":"kyvadlo-2","status":"publish","type":"product","link":"https:\/\/www.paluzaservis.sk\/index.php\/produkt\/kyvadlo-2\/","title":{"rendered":"KYVADLO"},"content":{"rendered":"","protected":false},"excerpt":{"rendered":"<p>\u010c\u00edslo v\u00fdrobku&nbsp;:&nbsp;ST-009<br \/>\nMern\u00e1 jednotka :ks<\/p>\n<p>Posil\u0148uje bru\u0161n\u00e9, bedrov\u00e9 a chrbtov\u00e9 svaly<br \/>\nPriaznivo p\u00f4sob\u00ed na obehov\u00fd a d\u00fdchac\u00ed syst\u00e9m.<br \/>\nZlep\u0161uje motorick\u00fa koordin\u00e1ciu.<br \/>\nPodporuje redukciu tukov\u00e9ho tkaniva.<\/p>\n","protected":false},"featured_media":8429,"comment_status":"open","ping_status":"closed","template":"","meta":{"_eb_attr":"","ngg_post_thumbnail":0,"_links_to":"","_links_to_target":""},"product_brand":[],"product_cat":[341,340],"product_tag":[],"class_list":{"0":"post-8428","1":"product","2":"type-product","3":"status-publish","4":"has-post-thumbnail","6":"product_cat-jednotlive-zariadenia-namontovane-na-stlpe","7":"product_cat-vonkajsia-posilnovna","9":"first","10":"instock","11":"taxable","12":"shipping-taxable","13":"product-type-simple"},"_links":{"self":[{"href":"https:\/\/www.paluzaservis.sk\/index.php\/wp-json\/wp\/v2\/product\/8428","targetHints":{"allow":["GET"]}}],"collection":[{"href":"https:\/\/www.paluzaservis.sk\/index.php\/wp-json\/wp\/v2\/product"}],"about":[{"href":"https:\/\/www.paluzaservis.sk\/index.php\/wp-json\/wp\/v2\/types\/product"}],"replies":[{"embeddable":true,"href":"https:\/\/www.paluzaservis.sk\/index.php\/wp-json\/wp\/v2\/comments?post=8428"}],"wp:featuredmedia":[{"embeddable":true,"href":"https:\/\/www.paluzaservis.sk\/index.php\/wp-json\/wp\/v2\/media\/8429"}],"wp:attachment":[{"href":"https:\/\/www.paluzaservis.sk\/index.php\/wp-json\/wp\/v2\/media?parent=8428"}],"wp:term":[{"taxonomy":"product_brand","embeddable":true,"href":"https:\/\/www.paluzaservis.sk\/index.php\/wp-json\/wp\/v2\/product_brand?post=8428"},{"taxonomy":"product_cat","embeddable":true,"href":"https:\/\/www.paluzaservis.sk\/index.php\/wp-json\/wp\/v2\/product_cat?post=8428"},{"taxonomy":"product_tag","embeddable":true,"href":"https:\/\/www.paluzaservis.sk\/index.php\/wp-json\/wp\/v2\/product_tag?post=8428"}],"curies":[{"name":"wp","href":"https:\/\/api.w.org\/{rel}","templated":true}]}}