{"id":8836,"date":"2024-08-20T09:25:31","date_gmt":"2024-08-20T09:25:31","guid":{"rendered":"https:\/\/www.paluzaservis.sk\/?post_type=product&#038;p=8836"},"modified":"2024-09-03T08:33:04","modified_gmt":"2024-09-03T08:33:04","slug":"agatka-duo-nastavitelna-skolska-lavica-velkost-4-6","status":"publish","type":"product","link":"https:\/\/www.paluzaservis.sk\/index.php\/produkt\/agatka-duo-nastavitelna-skolska-lavica-velkost-4-6\/","title":{"rendered":"AGATKA DUO nastavite\u013en\u00e1 \u0161kolsk\u00e1 lavica, Ve\u013ekos\u0165 4-6"},"content":{"rendered":"","protected":false},"excerpt":{"rendered":"<p><b>Polohovate\u013en\u00e1 \u0161kolsk\u00e1 lavica AGATKA DUO je produkt, ktor\u00fd rastie s die\u0165a\u0165om!<\/b><\/p>\n<p>AGATKA DUO je polohovate\u013en\u00e1 \u0161kolsk\u00e1 lavica, ktor\u00e1 umo\u017e\u0148uje prisp\u00f4sobi\u0165 v\u00fd\u0161ku dosky stola v\u00fd\u0161ke \u017eiaka aj po\u010das \u0161kolsk\u00e9ho roka. Doska lavice je vyroben\u00e1 z laminovanej dosky so zaoblen\u00fdmi rohmi. R\u00e1m je mo\u017en\u00e9 nastavi\u0165 tak, aby sa v\u00fd\u0161ka prisp\u00f4sobila veku die\u0165a\u0165a. Nastavite\u013en\u00e9 \u0161kolsk\u00e9 lavice AGATKA DUO s\u00fa dostupn\u00e9 v dvoch ve\u013ekostiach: 2-5 alebo 4-6, \u010do umo\u017e\u0148uje zak\u00fapi\u0165 rovnak\u00fd sortiment do miestnost\u00ed ur\u010den\u00fdch pre r\u00f4zne vekov\u00e9 skupiny. \u010eal\u0161ou v\u00fdhodou lav\u00edc AGATKA DUO je mo\u017enos\u0165 vytvorenia zostavy so stoli\u010dkami JACEK, ktor\u00e9 pon\u00fakame v rovnak\u00fdch rozmeroch a farb\u00e1ch.&nbsp;<\/p>\n<p>&nbsp;<\/p>\n<p><strong>Najd\u00f4le\u017eitej\u0161ie v\u00fdhody:<\/strong><\/p>\n<ul>\n<li>Stolov\u00e1 doska je vyroben\u00e1 z laminovanej dosky so zaoblen\u00fdmi rohmi&nbsp;<\/li>\n<li>Lavica m\u00e1 otvory zobrazuj\u00face aktu\u00e1lne nastaven\u00fa v\u00fd\u0161ku<\/li>\n<li>Dostupn\u00e9 v 4 univerz\u00e1lnych farb\u00e1ch<\/li>\n<li><strong>Model je ihne\u010f dostupn\u00fd na na\u0161om sklade<\/strong><\/li>\n<\/ul>\n<p>&nbsp;<\/p>\n<p>&nbsp;<\/p>\n<p><strong>Stoj\u00ed za to vedie\u0165\u2026.&nbsp;<\/strong><\/p>\n<p>Na\u0161e stoly a stoli\u010dky maj\u00fa zaoblen\u00e9 rohy, v\u010faka \u010domu s\u00fa pre deti bezpe\u010dn\u00e9. Okrem toho sp\u013a\u0148aj\u00fa pr\u00edsne normy:&nbsp;<\/p>\n<p><strong>PN-EN 1729-1:2016, PN-EN 1729-2+A1:2016, PN-F-06009:2001<\/strong><\/p>\n","protected":false},"featured_media":8950,"comment_status":"open","ping_status":"closed","template":"","meta":{"_eb_attr":"","ngg_post_thumbnail":0,"_links_to":"","_links_to_target":""},"product_brand":[],"product_cat":[345,347],"product_tag":[],"class_list":{"0":"post-8836","1":"product","2":"type-product","3":"status-publish","4":"has-post-thumbnail","6":"product_cat-skola","7":"product_cat-skolske-lavice","9":"first","10":"instock","11":"taxable","12":"shipping-taxable","13":"purchasable","14":"product-type-variable"},"_links":{"self":[{"href":"https:\/\/www.paluzaservis.sk\/index.php\/wp-json\/wp\/v2\/product\/8836","targetHints":{"allow":["GET"]}}],"collection":[{"href":"https:\/\/www.paluzaservis.sk\/index.php\/wp-json\/wp\/v2\/product"}],"about":[{"href":"https:\/\/www.paluzaservis.sk\/index.php\/wp-json\/wp\/v2\/types\/product"}],"replies":[{"embeddable":true,"href":"https:\/\/www.paluzaservis.sk\/index.php\/wp-json\/wp\/v2\/comments?post=8836"}],"wp:featuredmedia":[{"embeddable":true,"href":"https:\/\/www.paluzaservis.sk\/index.php\/wp-json\/wp\/v2\/media\/8950"}],"wp:attachment":[{"href":"https:\/\/www.paluzaservis.sk\/index.php\/wp-json\/wp\/v2\/media?parent=8836"}],"wp:term":[{"taxonomy":"product_brand","embeddable":true,"href":"https:\/\/www.paluzaservis.sk\/index.php\/wp-json\/wp\/v2\/product_brand?post=8836"},{"taxonomy":"product_cat","embeddable":true,"href":"https:\/\/www.paluzaservis.sk\/index.php\/wp-json\/wp\/v2\/product_cat?post=8836"},{"taxonomy":"product_tag","embeddable":true,"href":"https:\/\/www.paluzaservis.sk\/index.php\/wp-json\/wp\/v2\/product_tag?post=8836"}],"curies":[{"name":"wp","href":"https:\/\/api.w.org\/{rel}","templated":true}]}}