{"id":8837,"date":"2024-08-20T09:27:38","date_gmt":"2024-08-20T09:27:38","guid":{"rendered":"https:\/\/www.paluzaservis.sk\/?post_type=product&#038;p=8837"},"modified":"2024-09-24T05:59:34","modified_gmt":"2024-09-24T05:59:34","slug":"skolska-kniznica-tomek-5","status":"publish","type":"product","link":"https:\/\/www.paluzaservis.sk\/index.php\/produkt\/skolska-kniznica-tomek-5\/","title":{"rendered":"\u0160kolsk\u00e1 kni\u017enica TOMEK 5"},"content":{"rendered":"","protected":false},"excerpt":{"rendered":"<p>Reg\u00e1l TOMEK umo\u017e\u0148uje v\u00fdber z 5 modelov s r\u00f4znou v\u00fdbavou. V\u010faka tomu si vytvor\u00edte zostavu, ktor\u00e1 dokonale zapadne do ka\u017edej miestnosti. Cel\u00e9 je to vyroben\u00e9 z laminovanej dosky a 2 mm hrub\u00e9ho PVC okraja. Bukov\u00e9 prevedenie a chr\u00f3mov\u00e9 \u00fachytky dod\u00e1vaj\u00fa celku univerz\u00e1lny dizajn, v\u010faka ktor\u00e9mu sa n\u00e1bytok hod\u00ed takmer do ka\u017ed\u00e9ho interi\u00e9ru. D\u00f4le\u017eit\u00e9 je aj to, \u017ee police v na\u0161ej ponuke s\u00fa \u0161tandardne vybaven\u00e9 z\u00e1mkami bez pr\u00edplatku.&nbsp;<\/p>\n<p>&nbsp;<\/p>\n<p><strong>Najd\u00f4le\u017eitej\u0161ie v\u00fdhody:<\/strong><\/p>\n<ul>\n<li>Lemovanie z 2mm hrub\u00e9ho PVC&nbsp;<\/li>\n<li>\u0160tandardne in\u0161talovan\u00e9 z\u00e1mky&nbsp;<\/li>\n<li>Dostupn\u00e9 v 5 konfigur\u00e1ci\u00e1ch v\u00fdbavy&nbsp;<\/li>\n<\/ul>\n<p>Technick\u00e9 \u0161pecifik\u00e1cie :<\/p>\n<div class=\"data-container\"><span>V\u00fd\u0161ka&nbsp; &nbsp; &nbsp; &nbsp; &nbsp; &nbsp; &nbsp; &nbsp; <\/span><span>181 cm<\/span><\/div>\n<div class=\"data-container\"><span>\u0161\u00edrka&nbsp; &nbsp; &nbsp; &nbsp; &nbsp; &nbsp; &nbsp; &nbsp; &nbsp;<\/span><span>40 cm<\/span><\/div>\n<div class=\"data-container\"><span>D\u013a\u017eka&nbsp; &nbsp; &nbsp; &nbsp; &nbsp; &nbsp; &nbsp; &nbsp;<\/span><span>80 cm<\/span><\/div>\n<div class=\"data-container\"><span>V\u00e1ha&nbsp; &nbsp; &nbsp; &nbsp; &nbsp; &nbsp; &nbsp; &nbsp; <\/span><span>39,82 kg<\/span><\/div>\n<div>&nbsp;<\/div>\n<div>\n<div class=\"container title\"><span>TABU\u013dKA&nbsp;<\/span><span>VE\u013dKOSTI\u200b<\/span><\/div>\n<div class=\"container\">\n<table class=\"table-size-container\">\n<tbody>\n<tr>\n<td class=\"left-title\"><span>Ve\u013ekos\u0165<\/span><\/td>\n<td><span>0<\/span><\/td>\n<td><span>1<\/span><\/td>\n<td><span>2<\/span><\/td>\n<td><span>3<\/span><\/td>\n<td><span>4<\/span><\/td>\n<td><span>5<\/span><\/td>\n<td><span>6<\/span><\/td>\n<\/tr>\n<tr>\n<td><span>V\u00fd\u0161ka \u0161tudenta v mm<\/span><\/td>\n<td><span>800-950<\/span><\/td>\n<td><span>930-1160<\/span><\/td>\n<td><span>1080-1210<\/span><\/td>\n<td><span>1190-1420<\/span><\/td>\n<td><span>1330-1590<\/span><\/td>\n<td><span>1460-1765<\/span><\/td>\n<td><span>1590-1880<\/span><\/td>\n<\/tr>\n<tr>\n<td><span>V\u00fd\u0161ka k hornej ploche sedadla +\/- 10 mm<\/span><\/td>\n<td><span>210<\/span><\/td>\n<td><span>260<\/span><\/td>\n<td><span>310<\/span><\/td>\n<td><span>350<\/span><\/td>\n<td><span>380<\/span><\/td>\n<td><span>430<\/span><\/td>\n<td><span>460<\/span><\/td>\n<\/tr>\n<tr>\n<td><span>V\u00fd\u0161ka k hornej ploche dosky stola +\/- 10 mm<\/span><\/td>\n<td><span>400<\/span><\/td>\n<td><span>460<\/span><\/td>\n<td><span>530<\/span><\/td>\n<td><span>590<\/span><\/td>\n<td><span>640<\/span><\/td>\n<td><span>710<\/span><\/td>\n<td><span>760<\/span><\/td>\n<\/tr>\n<\/tbody>\n<\/table>\n<\/div>\n<\/div>\n","protected":false},"featured_media":8958,"comment_status":"open","ping_status":"closed","template":"","meta":{"_eb_attr":"","ngg_post_thumbnail":0,"_links_to":"","_links_to_target":""},"product_brand":[],"product_cat":[345,348],"product_tag":[],"class_list":{"0":"post-8837","1":"product","2":"type-product","3":"status-publish","4":"has-post-thumbnail","6":"product_cat-skola","7":"product_cat-skolske-skrinky-a-police","9":"first","10":"instock","11":"taxable","12":"shipping-taxable","13":"purchasable","14":"product-type-simple"},"_links":{"self":[{"href":"https:\/\/www.paluzaservis.sk\/index.php\/wp-json\/wp\/v2\/product\/8837","targetHints":{"allow":["GET"]}}],"collection":[{"href":"https:\/\/www.paluzaservis.sk\/index.php\/wp-json\/wp\/v2\/product"}],"about":[{"href":"https:\/\/www.paluzaservis.sk\/index.php\/wp-json\/wp\/v2\/types\/product"}],"replies":[{"embeddable":true,"href":"https:\/\/www.paluzaservis.sk\/index.php\/wp-json\/wp\/v2\/comments?post=8837"}],"wp:featuredmedia":[{"embeddable":true,"href":"https:\/\/www.paluzaservis.sk\/index.php\/wp-json\/wp\/v2\/media\/8958"}],"wp:attachment":[{"href":"https:\/\/www.paluzaservis.sk\/index.php\/wp-json\/wp\/v2\/media?parent=8837"}],"wp:term":[{"taxonomy":"product_brand","embeddable":true,"href":"https:\/\/www.paluzaservis.sk\/index.php\/wp-json\/wp\/v2\/product_brand?post=8837"},{"taxonomy":"product_cat","embeddable":true,"href":"https:\/\/www.paluzaservis.sk\/index.php\/wp-json\/wp\/v2\/product_cat?post=8837"},{"taxonomy":"product_tag","embeddable":true,"href":"https:\/\/www.paluzaservis.sk\/index.php\/wp-json\/wp\/v2\/product_tag?post=8837"}],"curies":[{"name":"wp","href":"https:\/\/api.w.org\/{rel}","templated":true}]}}