{"id":8842,"date":"2024-08-20T09:30:26","date_gmt":"2024-08-20T09:30:26","guid":{"rendered":"https:\/\/www.paluzaservis.sk\/?post_type=product&#038;p=8842"},"modified":"2024-09-24T06:30:40","modified_gmt":"2024-09-24T06:30:40","slug":"satnova-polica-robert","status":"publish","type":"product","link":"https:\/\/www.paluzaservis.sk\/index.php\/produkt\/satnova-polica-robert\/","title":{"rendered":"\u0160at\u0148ov\u00e1 polica ROBERT"},"content":{"rendered":"","protected":false},"excerpt":{"rendered":"<p><span>at\u0148ov\u00e1 polica ROBERT je kus n\u00e1bytku, ktor\u00fd umo\u017e\u0148uje prakticky usporiada\u0165 priestor na ulo\u017eenie vrchn\u00e9ho oble\u010denia a obuvi \u0161tudentov. Dva rady h\u00e1\u010dikov v\u00e1m umo\u017enia usporiada\u0165 \u0161atn\u00edk na malom priestore. Kovov\u00e1 podno\u017e a prie\u010dky z laminovanej dosky bukovej farby s\u00fa univerz\u00e1lnym vybaven\u00edm ka\u017edej \u0161kolskej \u0161atne.&nbsp;<\/span><\/p>\n<p>&nbsp;<\/p>\n<p><strong><span>Najd\u00f4le\u017eitej\u0161ie v\u00fdhody:<\/span><\/strong><\/p>\n<ul>\n<li><span>Lemovanie z 2mm hrub\u00e9ho PVC&nbsp;<\/span><\/li>\n<li><span>Ve\u013ek\u00e1 odkladacia plocha&nbsp;<\/span><\/li>\n<li><span>Kovov\u00e1 z\u00e1klad\u0148a pre stabilitu&nbsp;<\/span><\/li>\n<\/ul>\n<p>Technick\u00e9 \u0161pecifik\u00e1cie :<\/p>\n<div class=\"data-container\"><span>V\u00fd\u0161ka&nbsp; &nbsp; &nbsp; &nbsp; &nbsp; &nbsp; &nbsp; &nbsp; &nbsp; <\/span><span>166 cm<\/span><\/div>\n<div class=\"data-container\"><span>\u0161\u00edrka&nbsp; &nbsp; &nbsp; &nbsp; &nbsp; &nbsp; &nbsp; &nbsp; &nbsp; &nbsp; <\/span><span>57 cm<\/span><\/div>\n<div class=\"data-container\"><span>D\u013a\u017eka&nbsp; &nbsp; &nbsp; &nbsp; &nbsp; &nbsp; &nbsp; &nbsp; &nbsp; <\/span><span>183 cm<\/span><\/div>\n<div class=\"data-container\"><span>V\u00e1ha&nbsp; &nbsp; &nbsp; &nbsp; &nbsp; &nbsp; &nbsp; &nbsp; &nbsp; &nbsp;<\/span><span>16,85 kg<\/span><\/div>\n<div class=\"data-container\"><span>Po\u010det h\u00e1\u010dikov&nbsp; &nbsp;<\/span><span>22 ks<\/span><\/div>\n<div>&nbsp;<\/div>\n<div>\n<div class=\"container title\"><span>TABU\u013dKA&nbsp;<\/span><span>VE\u013dKOSTI\u200b<\/span><\/div>\n<div class=\"container\">\n<table class=\"table-size-container\">\n<tbody>\n<tr>\n<td class=\"left-title\"><span>Ve\u013ekos\u0165<\/span><\/td>\n<td><span>0<\/span><\/td>\n<td><span>1<\/span><\/td>\n<td><span>2<\/span><\/td>\n<td><span>3<\/span><\/td>\n<td><span>4<\/span><\/td>\n<td><span>5<\/span><\/td>\n<td><span>6<\/span><\/td>\n<\/tr>\n<tr>\n<td><span>V\u00fd\u0161ka \u0161tudenta v mm<\/span><\/td>\n<td><span>800-950<\/span><\/td>\n<td><span>930-1160<\/span><\/td>\n<td><span>1080-1210<\/span><\/td>\n<td><span>1190-1420<\/span><\/td>\n<td><span>1330-1590<\/span><\/td>\n<td><span>1460-1765<\/span><\/td>\n<td><span>1590-1880<\/span><\/td>\n<\/tr>\n<tr>\n<td><span>V\u00fd\u0161ka k hornej ploche sedadla +\/- 10 mm<\/span><\/td>\n<td><span>210<\/span><\/td>\n<td><span>260<\/span><\/td>\n<td><span>310<\/span><\/td>\n<td><span>350<\/span><\/td>\n<td><span>380<\/span><\/td>\n<td><span>430<\/span><\/td>\n<td><span>460<\/span><\/td>\n<\/tr>\n<tr>\n<td><span>V\u00fd\u0161ka k hornej ploche dosky stola +\/- 10 mm<\/span><\/td>\n<td><span>400<\/span><\/td>\n<td><span>460<\/span><\/td>\n<td><span>530<\/span><\/td>\n<td><span>590<\/span><\/td>\n<td><span>640<\/span><\/td>\n<td><span>710<\/span><\/td>\n<td><span>760<\/span><\/td>\n<\/tr>\n<\/tbody>\n<\/table>\n<\/div>\n<\/div>\n","protected":false},"featured_media":8966,"comment_status":"open","ping_status":"closed","template":"","meta":{"_eb_attr":"","ngg_post_thumbnail":0,"_links_to":"","_links_to_target":""},"product_brand":[],"product_cat":[345,348],"product_tag":[],"class_list":{"0":"post-8842","1":"product","2":"type-product","3":"status-publish","4":"has-post-thumbnail","6":"product_cat-skola","7":"product_cat-skolske-skrinky-a-police","9":"first","10":"instock","11":"taxable","12":"shipping-taxable","13":"purchasable","14":"product-type-simple"},"_links":{"self":[{"href":"https:\/\/www.paluzaservis.sk\/index.php\/wp-json\/wp\/v2\/product\/8842","targetHints":{"allow":["GET"]}}],"collection":[{"href":"https:\/\/www.paluzaservis.sk\/index.php\/wp-json\/wp\/v2\/product"}],"about":[{"href":"https:\/\/www.paluzaservis.sk\/index.php\/wp-json\/wp\/v2\/types\/product"}],"replies":[{"embeddable":true,"href":"https:\/\/www.paluzaservis.sk\/index.php\/wp-json\/wp\/v2\/comments?post=8842"}],"wp:featuredmedia":[{"embeddable":true,"href":"https:\/\/www.paluzaservis.sk\/index.php\/wp-json\/wp\/v2\/media\/8966"}],"wp:attachment":[{"href":"https:\/\/www.paluzaservis.sk\/index.php\/wp-json\/wp\/v2\/media?parent=8842"}],"wp:term":[{"taxonomy":"product_brand","embeddable":true,"href":"https:\/\/www.paluzaservis.sk\/index.php\/wp-json\/wp\/v2\/product_brand?post=8842"},{"taxonomy":"product_cat","embeddable":true,"href":"https:\/\/www.paluzaservis.sk\/index.php\/wp-json\/wp\/v2\/product_cat?post=8842"},{"taxonomy":"product_tag","embeddable":true,"href":"https:\/\/www.paluzaservis.sk\/index.php\/wp-json\/wp\/v2\/product_tag?post=8842"}],"curies":[{"name":"wp","href":"https:\/\/api.w.org\/{rel}","templated":true}]}}