{"id":8843,"date":"2024-08-20T09:31:02","date_gmt":"2024-08-20T09:31:02","guid":{"rendered":"https:\/\/www.paluzaservis.sk\/?post_type=product&#038;p=8843"},"modified":"2024-09-24T06:32:46","modified_gmt":"2024-09-24T06:32:46","slug":"satnova-polica-mosaic","status":"publish","type":"product","link":"https:\/\/www.paluzaservis.sk\/index.php\/produkt\/satnova-polica-mosaic\/","title":{"rendered":"\u0160at\u0148ov\u00e1 polica MOSAIC"},"content":{"rendered":"","protected":false},"excerpt":{"rendered":"<p>\u0160atn\u00edkov\u00e1 polica MOZAIKA je univerz\u00e1lny kus n\u00e1bytku. M\u00f4\u017ee sl\u00fa\u017ei\u0165 ako skrinka na top\u00e1nky \u0161tudentov alebo ako miesto na odkladanie ich osobn\u00fdch vec\u00ed \u010di \u0161kolsk\u00fdch pom\u00f4cok. 4-farebn\u00e1 povrchov\u00e1 \u00faprava umo\u017e\u0148uje pou\u017eitie v mnoh\u00fdch izb\u00e1ch matersk\u00fdch \u0161k\u00f4l a dod\u00e1va im vesel\u00fd charakter. Cel\u00e9 je to vyroben\u00e9 z laminovanej dosky zakon\u010denej PVC hranou o hr\u00fabke 2 mm. Vybera\u0165 m\u00f4\u017eete aj zo \u0161at\u0148ov\u00e9ho reg\u00e1lu T\u0118CZA, v\u010faka ktor\u00e9mu si vytvor\u00edte zostavu n\u00e1bytku v rovnakom \u0161t\u00fdle.&nbsp;<\/p>\n<p>&nbsp;<\/p>\n<p><strong>Najd\u00f4le\u017eitej\u0161ie v\u00fdhody:<\/strong><\/p>\n<ul>\n<li>Lemovanie z 2mm hrub\u00e9ho PVC&nbsp;<\/li>\n<li>Ve\u013ek\u00e1 odkladacia plocha&nbsp;<\/li>\n<li>Mo\u017enos\u0165 vytvorenia zostavy s policou RAINBOW<\/li>\n<\/ul>\n<p>Technick\u00e9 \u0161pecifik\u00e1cie :<\/p>\n<div class=\"data-container\"><span>V\u00fd\u0161ka&nbsp; &nbsp; &nbsp; <\/span><span>104 cm<\/span><\/div>\n<div class=\"data-container\"><span>\u0161\u00edrka&nbsp; &nbsp; &nbsp; &nbsp; <\/span><span>35 cm<\/span><\/div>\n<div class=\"data-container\"><span>D\u013a\u017eka&nbsp; &nbsp; &nbsp; <\/span><span>130 cm<\/span><\/div>\n<div class=\"data-container\"><span>V\u00e1ha&nbsp; &nbsp; &nbsp; &nbsp;<\/span><span>57 kg<\/span><\/div>\n<div>&nbsp;<\/div>\n<div>\n<div class=\"container title\"><span>TABU\u013dKA&nbsp;<\/span><span>VE\u013dKOSTI\u200b<\/span><\/div>\n<div class=\"container\">\n<table class=\"table-size-container\">\n<tbody>\n<tr>\n<td class=\"left-title\"><span>Ve\u013ekos\u0165<\/span><\/td>\n<td><span>0<\/span><\/td>\n<td><span>1<\/span><\/td>\n<td><span>2<\/span><\/td>\n<td><span>3<\/span><\/td>\n<td><span>4<\/span><\/td>\n<td><span>5<\/span><\/td>\n<td><span>6<\/span><\/td>\n<\/tr>\n<tr>\n<td><span>V\u00fd\u0161ka \u0161tudenta v mm<\/span><\/td>\n<td><span>800-950<\/span><\/td>\n<td><span>930-1160<\/span><\/td>\n<td><span>1080-1210<\/span><\/td>\n<td><span>1190-1420<\/span><\/td>\n<td><span>1330-1590<\/span><\/td>\n<td><span>1460-1765<\/span><\/td>\n<td><span>1590-1880<\/span><\/td>\n<\/tr>\n<tr>\n<td><span>V\u00fd\u0161ka k hornej ploche sedadla +\/- 10 mm<\/span><\/td>\n<td><span>210<\/span><\/td>\n<td><span>260<\/span><\/td>\n<td><span>310<\/span><\/td>\n<td><span>350<\/span><\/td>\n<td><span>380<\/span><\/td>\n<td><span>430<\/span><\/td>\n<td><span>460<\/span><\/td>\n<\/tr>\n<tr>\n<td><span>V\u00fd\u0161ka k hornej ploche dosky stola +\/- 10 mm<\/span><\/td>\n<td><span>400<\/span><\/td>\n<td><span>460<\/span><\/td>\n<td><span>530<\/span><\/td>\n<td><span>590<\/span><\/td>\n<td><span>640<\/span><\/td>\n<td><span>710<\/span><\/td>\n<td><span>760<\/span><\/td>\n<\/tr>\n<\/tbody>\n<\/table>\n<\/div>\n<\/div>\n","protected":false},"featured_media":8963,"comment_status":"open","ping_status":"closed","template":"","meta":{"_eb_attr":"","ngg_post_thumbnail":0,"_links_to":"","_links_to_target":""},"product_brand":[],"product_cat":[345,348],"product_tag":[],"class_list":{"0":"post-8843","1":"product","2":"type-product","3":"status-publish","4":"has-post-thumbnail","6":"product_cat-skola","7":"product_cat-skolske-skrinky-a-police","9":"first","10":"instock","11":"taxable","12":"shipping-taxable","13":"purchasable","14":"product-type-simple"},"_links":{"self":[{"href":"https:\/\/www.paluzaservis.sk\/index.php\/wp-json\/wp\/v2\/product\/8843","targetHints":{"allow":["GET"]}}],"collection":[{"href":"https:\/\/www.paluzaservis.sk\/index.php\/wp-json\/wp\/v2\/product"}],"about":[{"href":"https:\/\/www.paluzaservis.sk\/index.php\/wp-json\/wp\/v2\/types\/product"}],"replies":[{"embeddable":true,"href":"https:\/\/www.paluzaservis.sk\/index.php\/wp-json\/wp\/v2\/comments?post=8843"}],"wp:featuredmedia":[{"embeddable":true,"href":"https:\/\/www.paluzaservis.sk\/index.php\/wp-json\/wp\/v2\/media\/8963"}],"wp:attachment":[{"href":"https:\/\/www.paluzaservis.sk\/index.php\/wp-json\/wp\/v2\/media?parent=8843"}],"wp:term":[{"taxonomy":"product_brand","embeddable":true,"href":"https:\/\/www.paluzaservis.sk\/index.php\/wp-json\/wp\/v2\/product_brand?post=8843"},{"taxonomy":"product_cat","embeddable":true,"href":"https:\/\/www.paluzaservis.sk\/index.php\/wp-json\/wp\/v2\/product_cat?post=8843"},{"taxonomy":"product_tag","embeddable":true,"href":"https:\/\/www.paluzaservis.sk\/index.php\/wp-json\/wp\/v2\/product_tag?post=8843"}],"curies":[{"name":"wp","href":"https:\/\/api.w.org\/{rel}","templated":true}]}}