{"id":8844,"date":"2024-08-20T09:31:36","date_gmt":"2024-08-20T09:31:36","guid":{"rendered":"https:\/\/www.paluzaservis.sk\/?post_type=product&#038;p=8844"},"modified":"2024-09-24T06:35:14","modified_gmt":"2024-09-24T06:35:14","slug":"satnova-polica-tecza-5","status":"publish","type":"product","link":"https:\/\/www.paluzaservis.sk\/index.php\/produkt\/satnova-polica-tecza-5\/","title":{"rendered":"\u0160at\u0148ov\u00e1 polica TECZA 5"},"content":{"rendered":"","protected":false},"excerpt":{"rendered":"<p>\u0160at\u0148ov\u00e1 polica TECZA 5 je kus n\u00e1bytku ur\u010den\u00fd na odkladanie detsk\u00e9ho vrchn\u00e9ho oble\u010denia a obuvi. Sklad\u00e1 sa z 5 r\u00f4znofarebn\u00fdch \u010dast\u00ed, pri\u010dom ka\u017ed\u00e1 je ur\u010den\u00e1 pre in\u00e9ho \u017eiaka. Uzavret\u00e1 \u010das\u0165 m\u00e1 ve\u0161iaky na zavesenie bundy. \u010eal\u0161ou v\u00fdhodou je sedadlo, ktor\u00e9 zaru\u010duje pohodlie pri pou\u017e\u00edvan\u00ed. Pod sedadlom a nad ve\u0161iakmi s\u00fa \u010fal\u0161ie dve odkladacie poli\u010dky. Cel\u00e9 je to vyroben\u00e9 z laminovanej dosky zakon\u010denej PVC hranou o hr\u00fabke 2 mm. Vybera\u0165 m\u00f4\u017eete aj zo \u0161at\u0148ov\u00e9ho reg\u00e1lu MOZAIKA, v\u010faka ktor\u00e9mu si vytvor\u00edte zostavu n\u00e1bytku v rovnakom \u0161t\u00fdle.&nbsp;<\/p>\n<p>&nbsp;<\/p>\n<p><strong>Najd\u00f4le\u017eitej\u0161ie v\u00fdhody:<\/strong><\/p>\n<ul>\n<li>Lemovanie z 2mm hrub\u00e9ho PVC&nbsp;<\/li>\n<li>Ve\u013ek\u00e1 odkladacia plocha&nbsp;<\/li>\n<li>Mo\u017enos\u0165 vytvorenia zostavy s policou MOSAIC<\/li>\n<\/ul>\n<p>Technick\u00e9 \u0161pecifik\u00e1cie :<\/p>\n<div class=\"data-container\"><span>V\u00fd\u0161ka&nbsp; &nbsp; &nbsp; <\/span><span>156 cm<\/span><\/div>\n<div class=\"data-container\"><span>\u0161\u00edrka&nbsp; &nbsp; &nbsp; &nbsp; <\/span><span>55 cm<\/span><\/div>\n<div class=\"data-container\"><span>D\u013a\u017eka&nbsp; &nbsp; &nbsp; <\/span><span>155 cm<\/span><\/div>\n<div class=\"data-container\"><span>V\u00e1ha&nbsp; &nbsp; &nbsp; <\/span><span>88 kg<\/span><\/div>\n<div>&nbsp;<\/div>\n<div>\n<div class=\"container title\"><span>TABU\u013dKA&nbsp;<\/span><span>VE\u013dKOSTI\u200b<\/span><\/div>\n<div class=\"container\">\n<table class=\"table-size-container\">\n<tbody>\n<tr>\n<td class=\"left-title\"><span>Ve\u013ekos\u0165<\/span><\/td>\n<td><span>0<\/span><\/td>\n<td><span>1<\/span><\/td>\n<td><span>2<\/span><\/td>\n<td><span>3<\/span><\/td>\n<td><span>4<\/span><\/td>\n<td><span>5<\/span><\/td>\n<td><span>6<\/span><\/td>\n<\/tr>\n<tr>\n<td><span>V\u00fd\u0161ka \u0161tudenta v mm<\/span><\/td>\n<td><span>800-950<\/span><\/td>\n<td><span>930-1160<\/span><\/td>\n<td><span>1080-1210<\/span><\/td>\n<td><span>1190-1420<\/span><\/td>\n<td><span>1330-1590<\/span><\/td>\n<td><span>1460-1765<\/span><\/td>\n<td><span>1590-1880<\/span><\/td>\n<\/tr>\n<tr>\n<td><span>V\u00fd\u0161ka k hornej ploche sedadla +\/- 10 mm<\/span><\/td>\n<td><span>210<\/span><\/td>\n<td><span>260<\/span><\/td>\n<td><span>310<\/span><\/td>\n<td><span>350<\/span><\/td>\n<td><span>380<\/span><\/td>\n<td><span>430<\/span><\/td>\n<td><span>460<\/span><\/td>\n<\/tr>\n<tr>\n<td><span>V\u00fd\u0161ka k hornej ploche dosky stola +\/- 10 mm<\/span><\/td>\n<td><span>400<\/span><\/td>\n<td><span>460<\/span><\/td>\n<td><span>530<\/span><\/td>\n<td><span>590<\/span><\/td>\n<td><span>640<\/span><\/td>\n<td><span>710<\/span><\/td>\n<td><span>760<\/span><\/td>\n<\/tr>\n<\/tbody>\n<\/table>\n<\/div>\n<\/div>\n","protected":false},"featured_media":8964,"comment_status":"open","ping_status":"closed","template":"","meta":{"_eb_attr":"","ngg_post_thumbnail":0,"_links_to":"","_links_to_target":""},"product_brand":[],"product_cat":[345,348],"product_tag":[],"class_list":{"0":"post-8844","1":"product","2":"type-product","3":"status-publish","4":"has-post-thumbnail","6":"product_cat-skola","7":"product_cat-skolske-skrinky-a-police","9":"first","10":"instock","11":"taxable","12":"shipping-taxable","13":"purchasable","14":"product-type-simple"},"_links":{"self":[{"href":"https:\/\/www.paluzaservis.sk\/index.php\/wp-json\/wp\/v2\/product\/8844","targetHints":{"allow":["GET"]}}],"collection":[{"href":"https:\/\/www.paluzaservis.sk\/index.php\/wp-json\/wp\/v2\/product"}],"about":[{"href":"https:\/\/www.paluzaservis.sk\/index.php\/wp-json\/wp\/v2\/types\/product"}],"replies":[{"embeddable":true,"href":"https:\/\/www.paluzaservis.sk\/index.php\/wp-json\/wp\/v2\/comments?post=8844"}],"wp:featuredmedia":[{"embeddable":true,"href":"https:\/\/www.paluzaservis.sk\/index.php\/wp-json\/wp\/v2\/media\/8964"}],"wp:attachment":[{"href":"https:\/\/www.paluzaservis.sk\/index.php\/wp-json\/wp\/v2\/media?parent=8844"}],"wp:term":[{"taxonomy":"product_brand","embeddable":true,"href":"https:\/\/www.paluzaservis.sk\/index.php\/wp-json\/wp\/v2\/product_brand?post=8844"},{"taxonomy":"product_cat","embeddable":true,"href":"https:\/\/www.paluzaservis.sk\/index.php\/wp-json\/wp\/v2\/product_cat?post=8844"},{"taxonomy":"product_tag","embeddable":true,"href":"https:\/\/www.paluzaservis.sk\/index.php\/wp-json\/wp\/v2\/product_tag?post=8844"}],"curies":[{"name":"wp","href":"https:\/\/api.w.org\/{rel}","templated":true}]}}