{"id":9139,"date":"2024-08-20T08:00:55","date_gmt":"2024-08-20T08:00:55","guid":{"rendered":"https:\/\/www.paluzaservis.sk\/?post_type=product&#038;p=9139"},"modified":"2024-09-24T08:14:22","modified_gmt":"2024-09-24T08:14:22","slug":"stolicka-pre-ucitelov-iso-standard-bl-t0055","status":"publish","type":"product","link":"https:\/\/www.paluzaservis.sk\/index.php\/produkt\/stolicka-pre-ucitelov-iso-standard-bl-t0055\/","title":{"rendered":"Stoli\u010dka pre u\u010dite\u013eov ISO STANDARD BL T0055"},"content":{"rendered":"","protected":false},"excerpt":{"rendered":"<p><b>ISO STANDARD BL T0055<\/b><b>&nbsp;stoli\u010dka&nbsp;&nbsp;<\/b><b>&nbsp;pre u\u010dite\u013eov<\/b><b><\/b><b><\/b><\/p>\n<p>ISO stoli\u010dky s\u00fa stoli\u010dky navrhnut\u00e9 s oh\u013eadom na u\u010dite\u013eov. \u010cal\u00fanen\u00fd sed\u00e1k a operadlo dostupn\u00e9 v 5 farb\u00e1ch: \u010dierna, modr\u00e1, khaki, bordov\u00e1 a \u0161ed\u00e1. Vybrali sme pre v\u00e1s top najob\u013e\u00fabenej\u0161ie stoli\u010dky pre u\u010dite\u013eov. R\u00e1m je potiahnut\u00fd \u010diernou pr\u00e1\u0161kovou farbou, v\u010faka \u010domu je odoln\u00fd a odoln\u00fd vo\u010di po\u0161kriabaniu a trieskam. Stoli\u010dky ISO sa vyzna\u010duj\u00fa sol\u00eddnym spracovan\u00edm a \u013eahkou \u00fadr\u017ebou, \u010do ovplyv\u0148uje komfort pou\u017e\u00edvania.&nbsp;<\/p>\n<p><strong>Najd\u00f4le\u017eitej\u0161ie v\u00fdhody<\/strong><\/p>\n<ul>\n<li>Stoli\u010dky s\u00fa odoln\u00e9, \u010do zais\u0165uje nosnos\u0165 a\u017e 160 kg<\/li>\n<li>Stabiln\u00fd oce\u013eov\u00fd r\u00e1m zais\u0165uje odolnos\u0165 pri intenz\u00edvnom pou\u017e\u00edvan\u00ed<\/li>\n<li>Pohodln\u00e9 sedadlo a \u0161irok\u00e9 operadlo zais\u0165uj\u00fa pohodlie pri pou\u017e\u00edvan\u00ed<\/li>\n<li>Mo\u017enos\u0165 v\u00fdberu \u010dal\u00fanenia z 5 farieb<\/li>\n<li>Plastov\u00e9 no\u017ei\u010dky na noh\u00e1ch stoli\u010dky chr\u00e1nia pred po\u0161koden\u00edm podlahy<\/li>\n<li>2 roky z\u00e1ruka&nbsp;<\/li>\n<\/ul>\n<p>Technick\u00e9 \u0161pecifik\u00e1cie :<\/p>\n<div class=\"data-container\"><span>V\u00fd\u0161ka&nbsp; &nbsp; &nbsp; &nbsp; &nbsp;<\/span><span>79,5 cm<\/span><\/div>\n<div class=\"data-container\"><span>\u0161\u00edrka&nbsp; &nbsp; &nbsp; &nbsp; &nbsp; &nbsp;<\/span><span>54,5 cm<\/span><\/div>\n<div class=\"data-container\"><span>V\u00e1ha&nbsp; &nbsp; &nbsp; &nbsp; &nbsp; &nbsp;<\/span><span>5 kg<\/span><\/div>\n<div class=\"data-container\"><span>V\u00fd\u0161ka k sedadlu&nbsp; &nbsp; &nbsp; <\/span><span>48 cm<\/span><\/div>\n<div class=\"data-container\"><span>\u0160\u00edrka sedadla&nbsp; &nbsp; &nbsp; &nbsp; &nbsp; <\/span><span>47 cm<\/span><\/div>\n<div class=\"data-container\"><span>H\u013abka sedadla&nbsp; &nbsp; &nbsp; &nbsp; <\/span><span>42 cm<\/span><\/div>\n<div class=\"data-container\"><span>Z\u00e1ruka&nbsp; &nbsp; &nbsp;<\/span><span>2 roky<\/span><\/div>\n<div class=\"data-container\"><span>V\u00fd\u0161ka operadla&nbsp; &nbsp; &nbsp; &nbsp;<\/span><span>36 cm<\/span><\/div>\n<div>&nbsp;<\/div>\n<div>\n<div class=\"container title\"><span>TABU\u013dKA&nbsp;<\/span><span>VE\u013dKOSTI\u200b<\/span><\/div>\n<div class=\"container\">\n<table class=\"table-size-container\">\n<tbody>\n<tr>\n<td class=\"left-title\"><span>Ve\u013ekos\u0165<\/span><\/td>\n<td><span>0<\/span><\/td>\n<td><span>1<\/span><\/td>\n<td><span>2<\/span><\/td>\n<td><span>3<\/span><\/td>\n<td><span>4<\/span><\/td>\n<td><span>5<\/span><\/td>\n<td><span>6<\/span><\/td>\n<\/tr>\n<tr>\n<td><span>V\u00fd\u0161ka \u0161tudenta v mm<\/span><\/td>\n<td><span>800-950<\/span><\/td>\n<td><span>930-1160<\/span><\/td>\n<td><span>1080-1210<\/span><\/td>\n<td><span>1190-1420<\/span><\/td>\n<td><span>1330-1590<\/span><\/td>\n<td><span>1460-1765<\/span><\/td>\n<td><span>1590-1880<\/span><\/td>\n<\/tr>\n<tr>\n<td><span>V\u00fd\u0161ka k hornej ploche sedadla +\/- 10 mm<\/span><\/td>\n<td><span>210<\/span><\/td>\n<td><span>260<\/span><\/td>\n<td><span>310<\/span><\/td>\n<td><span>350<\/span><\/td>\n<td><span>380<\/span><\/td>\n<td><span>430<\/span><\/td>\n<td><span>460<\/span><\/td>\n<\/tr>\n<tr>\n<td><span>V\u00fd\u0161ka k hornej ploche dosky stola +\/- 10 mm<\/span><\/td>\n<td><span>400<\/span><\/td>\n<td><span>460<\/span><\/td>\n<td><span>530<\/span><\/td>\n<td><span>590<\/span><\/td>\n<td><span>640<\/span><\/td>\n<td><span>710<\/span><\/td>\n<td><span>760<\/span><\/td>\n<\/tr>\n<\/tbody>\n<\/table>\n<\/div>\n<\/div>\n","protected":false},"featured_media":9132,"comment_status":"open","ping_status":"closed","template":"","meta":{"_eb_attr":"","ngg_post_thumbnail":0,"_links_to":"","_links_to_target":""},"product_brand":[],"product_cat":[355,345,372],"product_tag":[],"class_list":{"0":"post-9139","1":"product","2":"type-product","3":"status-publish","4":"has-post-thumbnail","6":"product_cat-nabytok-pre-ucitelov","7":"product_cat-skola","8":"product_cat-stolicky","10":"first","11":"instock","12":"taxable","13":"shipping-taxable","14":"purchasable","15":"product-type-variable"},"_links":{"self":[{"href":"https:\/\/www.paluzaservis.sk\/index.php\/wp-json\/wp\/v2\/product\/9139","targetHints":{"allow":["GET"]}}],"collection":[{"href":"https:\/\/www.paluzaservis.sk\/index.php\/wp-json\/wp\/v2\/product"}],"about":[{"href":"https:\/\/www.paluzaservis.sk\/index.php\/wp-json\/wp\/v2\/types\/product"}],"replies":[{"embeddable":true,"href":"https:\/\/www.paluzaservis.sk\/index.php\/wp-json\/wp\/v2\/comments?post=9139"}],"wp:featuredmedia":[{"embeddable":true,"href":"https:\/\/www.paluzaservis.sk\/index.php\/wp-json\/wp\/v2\/media\/9132"}],"wp:attachment":[{"href":"https:\/\/www.paluzaservis.sk\/index.php\/wp-json\/wp\/v2\/media?parent=9139"}],"wp:term":[{"taxonomy":"product_brand","embeddable":true,"href":"https:\/\/www.paluzaservis.sk\/index.php\/wp-json\/wp\/v2\/product_brand?post=9139"},{"taxonomy":"product_cat","embeddable":true,"href":"https:\/\/www.paluzaservis.sk\/index.php\/wp-json\/wp\/v2\/product_cat?post=9139"},{"taxonomy":"product_tag","embeddable":true,"href":"https:\/\/www.paluzaservis.sk\/index.php\/wp-json\/wp\/v2\/product_tag?post=9139"}],"curies":[{"name":"wp","href":"https:\/\/api.w.org\/{rel}","templated":true}]}}