{"id":940,"date":"2022-07-30T05:47:14","date_gmt":"2022-07-30T05:47:14","guid":{"rendered":"https:\/\/www.paluzaservis.sk\/?post_type=product&#038;p=940"},"modified":"2024-04-18T08:35:54","modified_gmt":"2024-04-18T08:35:54","slug":"lavicka-s-priestorom-pre-invalidny-vozik","status":"publish","type":"product","link":"https:\/\/www.paluzaservis.sk\/index.php\/produkt\/lavicka-s-priestorom-pre-invalidny-vozik\/","title":{"rendered":"LAVI\u010cKA S PRIESTOROM PRE INVALIDN\u00dd VOZ\u00cdK"},"content":{"rendered":"<p>Skrutky na ukotvenie nie s\u00fa s\u00fa\u010das\u0165ou balenia.<\/p>\n<p>Tovar na objedn\u00e1vku.<br \/>\nDodacia lehota 14-28 dn\u00ed.<\/p>\n<p>V\u00fdsledn\u00e1 cena sa zobraz\u00ed po navolen\u00ed v\u0161etk\u00fdch variant. (Farba dreva, farba kon\u0161trukcie a typ uzemnenia)<\/p>\n","protected":false},"excerpt":{"rendered":"<table>\n<tbody>\n<tr>\n<td><strong>Vlastnos\u0165&nbsp; &nbsp; &nbsp; &nbsp;&nbsp;<\/strong><\/td>\n<td><strong>Popis<\/strong><\/td>\n<\/tr>\n<tr>\n<td>V\u00dd\u0160KA:<\/td>\n<td>1050 mm<\/td>\n<\/tr>\n<tr>\n<td>CELKOV\u00c1 D\u0139\u017dKA:<\/td>\n<td>2060 mm<\/td>\n<\/tr>\n<tr>\n<td>\u0160\u00cdRKA:<\/td>\n<td>590 mm<\/td>\n<\/tr>\n<tr>\n<td>TYP MATERI\u00c1LU:<\/td>\n<td>PROFIL 40X40X1,5 mm<\/td>\n<\/tr>\n<tr>\n<td>POVRCHOV\u00c1 \u00daPRAVA OCELE :<\/td>\n<td>POZINKOVAN\u00c1 OCE\u013d , PR\u00c1\u0160KOV\u00c1 FARBA<\/td>\n<\/tr>\n<tr>\n<td>OCHRANA DREVA:<\/td>\n<td>FUNGIC\u00cdDNY Z\u00c1KLADN\u00dd N\u00c1TER, LAK NA VODNEJ B\u00c1ZE (3 VRSTVY)<\/td>\n<\/tr>\n<tr>\n<td>DRUH DREVA:<\/td>\n<td>JED\u013dA (31 MPA) \u2013 \u0160TANDARD<\/td>\n<\/tr>\n<\/tbody>\n<\/table>\n<p>Na po\u017eiadanie V\u00e1m vyrob\u00edme produkt pod\u013ea Vami zadan\u00fdch rozmerov.<\/p>\n","protected":false},"featured_media":942,"comment_status":"open","ping_status":"closed","template":"","meta":{"_eb_attr":"","ngg_post_thumbnail":0,"_links_to":"","_links_to_target":""},"product_brand":[],"product_cat":[75],"product_tag":[62],"class_list":{"0":"post-940","1":"product","2":"type-product","3":"status-publish","4":"has-post-thumbnail","6":"product_cat-lavice","7":"product_tag-drew-bud-gorlice","9":"first","10":"instock","11":"taxable","12":"shipping-taxable","13":"purchasable","14":"product-type-variable"},"_links":{"self":[{"href":"https:\/\/www.paluzaservis.sk\/index.php\/wp-json\/wp\/v2\/product\/940","targetHints":{"allow":["GET"]}}],"collection":[{"href":"https:\/\/www.paluzaservis.sk\/index.php\/wp-json\/wp\/v2\/product"}],"about":[{"href":"https:\/\/www.paluzaservis.sk\/index.php\/wp-json\/wp\/v2\/types\/product"}],"replies":[{"embeddable":true,"href":"https:\/\/www.paluzaservis.sk\/index.php\/wp-json\/wp\/v2\/comments?post=940"}],"wp:featuredmedia":[{"embeddable":true,"href":"https:\/\/www.paluzaservis.sk\/index.php\/wp-json\/wp\/v2\/media\/942"}],"wp:attachment":[{"href":"https:\/\/www.paluzaservis.sk\/index.php\/wp-json\/wp\/v2\/media?parent=940"}],"wp:term":[{"taxonomy":"product_brand","embeddable":true,"href":"https:\/\/www.paluzaservis.sk\/index.php\/wp-json\/wp\/v2\/product_brand?post=940"},{"taxonomy":"product_cat","embeddable":true,"href":"https:\/\/www.paluzaservis.sk\/index.php\/wp-json\/wp\/v2\/product_cat?post=940"},{"taxonomy":"product_tag","embeddable":true,"href":"https:\/\/www.paluzaservis.sk\/index.php\/wp-json\/wp\/v2\/product_tag?post=940"}],"curies":[{"name":"wp","href":"https:\/\/api.w.org\/{rel}","templated":true}]}}